{"id":47,"date":"2015-08-25T19:01:31","date_gmt":"2015-08-25T19:01:31","guid":{"rendered":"http:\/\/www.mgv-imhausen.de\/?page_id=47"},"modified":"2015-08-26T15:49:32","modified_gmt":"2015-08-26T15:49:32","slug":"impressum","status":"publish","type":"page","link":"https:\/\/www.mgv-imhausen.de\/?page_id=47","title":{"rendered":"Impressum"},"content":{"rendered":"<div><\/div>\n<p><strong>Betreiber<\/strong><\/p>\n<p>MGV &#8222;Deutscher M\u00c3\u00a4nnerchor&#8220; Imhausen 1854 e.V.<br \/>\n<a title=\"\u00c3\u2013ffnet ein Fenster zum Versenden einer E-Mail\"><br \/>\n<\/a><\/p>\n<p>&nbsp;<\/p>\n<p><strong>Konzeption, Design und Entwicklung<\/strong><\/p>\n<p><strong><\/strong><a title=\"\u00c3\u2013ffnet ein Fenster zum Versenden einer E-Mail\">Ralf Engelberth<\/a><\/p>\n<p>&nbsp;<\/p>\n<p><strong>Allgemeiner Hinweis<br \/>\n<\/strong><\/p>\n<p>Der im Impressum genannte Verein beh\u00c3\u00a4lt sich das Recht vor, Teile der Website oder das gesamte Websiteangebot ohne gesonderte Ank\u00c3\u00bcndigung jederzeit zu ver\u00c3\u00a4ndern, zu erg\u00c3\u00a4nzen, zu aktualisieren oder die Ver\u00c3\u00b6ffentlichung zeitweise oder endg\u00c3\u00bcltig einzustellen.<\/p>\n<p>&nbsp;<\/p>\n<p><strong>Datenschutz<\/strong><\/p>\n<p>Unsere Webpr\u00c3\u00a4senz wird in \u00c3\u0153bereinstimmung mit den Gesetzen zum Datenschutz und zur Datensicherheit betrieben. Ohne Ihre Zustimmung sammeln wir daher \u00c3\u00bcber die Webseite keinerlei personenbezogene Daten, Besucher bleiben anonym. Der Webserver speichert in \u00c3\u0153bereinstimmung mit den Datenschutzgesetzen ausschlie\u00c3\u0178lich statistische Daten \u00c3\u00bcber Zugriffe auf unsere Webseite, die ohne konkreten Personenbezug sind und deren Auswertung der Optimierung des Webauftrittes dienen.<\/p>\n<p>Die von Ihnen im Zusammenhang mit unserem Internetangebot bereit gestellten pers\u00c3\u00b6nlichen oder gesch\u00c3\u00a4ftlichen Daten (Namen, Anschriften,<br \/>\nE-Mailadressen, Dokumente) erfolgen auf einer ausdr\u00c3\u00bccklich freiwilligen Basis.<\/p>\n<p>&nbsp;<\/p>\n<p><strong>Haftungsausschlu\u00c3\u0178<\/strong><\/p>\n<p>Der im Impressum genannte Verein ist ausschlie\u00c3\u0178lich f\u00c3\u00bcr die Inhalte, die zur Nutzung auf der Webseite bereit gehalten werden, verantwortlich. Diese Inhalte werden sorgf\u00c3\u00a4ltig auf Richtigkeit gepr\u00c3\u00bcft und aktualisiert. Eine Garantie hinsichtlich Vollst\u00c3\u00a4ndigkeit, Richtigkeit und Aktualit\u00c3\u00a4t kann jedoch nicht \u00c3\u00bcbernommen werden. Der im Impressum genannte Verein haftet nicht f\u00c3\u00bcr direkte oder indirekte Sch\u00c3\u00a4den, die durch die Nutzung der Informationen der Webpr\u00c3\u00a4senz entstehen.<\/p>\n<p>Der im Impressum genannte Verein hat keinen Einfluss auf die Gestaltung und Inhalte fremder Internetseiten. Er distanziert sich daher von allen fremden Inhalten, auch wenn von Seiten des im Impressum genannten Vereines auf diese externen Seiten ein Link gesetzt wurde.<\/p>\n<p>&nbsp;<\/p>\n","protected":false},"excerpt":{"rendered":"<p>Betreiber MGV &#8222;Deutscher M\u00c3\u00a4nnerchor&#8220; Imhausen 1854 e.V. &nbsp; Konzeption, Design und Entwicklung Ralf Engelberth &nbsp; Allgemeiner Hinweis Der im Impressum genannte Verein beh\u00c3\u00a4lt sich das Recht vor, Teile der Website oder das gesamte Websiteangebot ohne gesonderte Ank\u00c3\u00bcndigung jederzeit zu ver\u00c3\u00a4ndern, zu erg\u00c3\u00a4nzen, zu aktualisieren oder die Ver\u00c3\u00b6ffentlichung zeitweise oder endg\u00c3\u00bcltig einzustellen. &nbsp; Datenschutz Unsere Webpr\u00c3\u00a4senz [&hellip;]<\/p>\n","protected":false},"author":1,"featured_media":0,"parent":0,"menu_order":0,"comment_status":"closed","ping_status":"closed","template":"templates\/template-onecolumn.php","meta":{"ngg_post_thumbnail":0,"footnotes":""},"class_list":["post-47","page","type-page","status-publish","hentry"],"_links":{"self":[{"href":"https:\/\/www.mgv-imhausen.de\/index.php?rest_route=\/wp\/v2\/pages\/47","targetHints":{"allow":["GET"]}}],"collection":[{"href":"https:\/\/www.mgv-imhausen.de\/index.php?rest_route=\/wp\/v2\/pages"}],"about":[{"href":"https:\/\/www.mgv-imhausen.de\/index.php?rest_route=\/wp\/v2\/types\/page"}],"author":[{"embeddable":true,"href":"https:\/\/www.mgv-imhausen.de\/index.php?rest_route=\/wp\/v2\/users\/1"}],"replies":[{"embeddable":true,"href":"https:\/\/www.mgv-imhausen.de\/index.php?rest_route=%2Fwp%2Fv2%2Fcomments&post=47"}],"version-history":[{"count":2,"href":"https:\/\/www.mgv-imhausen.de\/index.php?rest_route=\/wp\/v2\/pages\/47\/revisions"}],"predecessor-version":[{"id":93,"href":"https:\/\/www.mgv-imhausen.de\/index.php?rest_route=\/wp\/v2\/pages\/47\/revisions\/93"}],"wp:attachment":[{"href":"https:\/\/www.mgv-imhausen.de\/index.php?rest_route=%2Fwp%2Fv2%2Fmedia&parent=47"}],"curies":[{"name":"wp","href":"https:\/\/api.w.org\/{rel}","templated":true}]}}