{"id":43,"date":"2015-08-25T19:01:19","date_gmt":"2015-08-25T19:01:19","guid":{"rendered":"http:\/\/www.mgv-imhausen.de\/?page_id=43"},"modified":"2025-11-13T07:43:50","modified_gmt":"2025-11-13T06:43:50","slug":"der-vorstand","status":"publish","type":"page","link":"https:\/\/www.mgv-imhausen.de\/?page_id=43","title":{"rendered":"Der Vorstand"},"content":{"rendered":"<table border=\"1\" width=\"725\" cellspacing=\"0\" cellpadding=\"0\">\n<tbody>\n<tr>\n<td colspan=\"2\" width=\"725\">\n<p style=\"text-align: center;\" align=\"center\"><b><span style=\"text-decoration: underline;\">Der Vorstand im Jahre 2025<\/span><\/b><\/p>\n<\/td>\n<\/tr>\n<tr>\n<td colspan=\"2\" width=\"725\">&nbsp;<\/td>\n<\/tr>\n<tr>\n<td colspan=\"2\" width=\"725\">\n<p align=\"center\"><b><span style=\"text-decoration: underline;\">Der Vorsitzende<\/span><\/b><\/p>\n<\/td>\n<\/tr>\n<tr>\n<td width=\"436\">\n<p align=\"center\"><i>Alfred Hubrich<\/i><\/p>\n<p align=\"center\"><i>Tel. 02292\/&#8230;.<\/i><\/p>\n<\/td>\n<td width=\"289\"><a href=\"mailto:vorsitzender@mgv-imhausen.de\"><i>mailto:vorsitzender(at)mgv-imhausen.de<\/i><\/a><\/td>\n<\/tr>\n<tr>\n<td colspan=\"2\" width=\"725\">\n<p align=\"center\"><b><span style=\"text-decoration: underline;\">Der stellvertretende Vorsitzende<\/span><\/b><\/p>\n<\/td>\n<\/tr>\n<tr>\n<td width=\"436\">\n<p align=\"center\"><i>J\u00f6rg Ortmann<\/i><\/p>\n<\/td>\n<td width=\"289\">&nbsp;<\/td>\n<\/tr>\n<tr>\n<td colspan=\"2\" width=\"725\">\n<p align=\"center\"><b><span style=\"text-decoration: underline;\">Die Gesch\u00e4tsf\u00fchrerin<\/span><\/b><\/p>\n<\/td>\n<\/tr>\n<tr>\n<td width=\"436\">\n<p align=\"center\"><i>Sarah Engelberth<\/i><\/p>\n<p align=\"center\"><i>Mobil. 02292\/&#8230;.<\/i><\/p>\n<\/td>\n<td width=\"289\"><a href=\"mailto:geschaeftsfuehrung@mgv-imhausen.de\"><i>mailto:geschaeftsfuehrung(at)mgv-imhausen.de<\/i><\/a><\/td>\n<\/tr>\n<tr>\n<td colspan=\"2\" width=\"725\">\n<p align=\"center\"><b><span style=\"text-decoration: underline;\">Der stellvertretende Gesch\u00e4ftsf\u00fchrer<\/span><\/b><\/p>\n<\/td>\n<\/tr>\n<tr>\n<td width=\"436\">\n<p align=\"center\"><i>Ann-Christin<\/i><\/p>\n<\/td>\n<td width=\"289\">&nbsp;<\/td>\n<\/tr>\n<tr>\n<td colspan=\"2\" width=\"725\">\n<p align=\"center\"><b><span style=\"text-decoration: underline;\">Der Kassierer<\/span><\/b><\/p>\n<\/td>\n<\/tr>\n<tr>\n<td width=\"436\">\n<p align=\"center\"><i>Ralf Engelberth<\/i><\/p>\n<p align=\"center\"><i>Tel. 02292\/&#8230;.<\/i><\/p>\n<\/td>\n<td width=\"289\"><a href=\"mailto:engelberth.ralf@mgv-imhausen.de\"><i>mailto:engelberth.ralf(at)mgv-imhausen.de<\/i><\/a><\/td>\n<\/tr>\n<tr>\n<td colspan=\"2\" width=\"725\">\n<p align=\"center\"><b><span style=\"text-decoration: underline;\">Der stellvertretende Kassierer<\/span><\/b><\/p>\n<\/td>\n<\/tr>\n<tr>\n<td width=\"436\">\n<p align=\"center\"><i>Wolfgang Schmidt<\/i><\/p>\n<\/td>\n<td width=\"289\">&nbsp;<\/td>\n<\/tr>\n<tr>\n<td colspan=\"2\" width=\"725\">&nbsp;<\/td>\n<\/tr>\n<tr>\n<td width=\"436\">&nbsp;<\/td>\n<td width=\"289\">&nbsp;<\/td>\n<\/tr>\n<tr>\n<td colspan=\"2\" width=\"725\">&nbsp;<\/td>\n<\/tr>\n<tr>\n<td width=\"436\">&nbsp;<\/td>\n<td width=\"289\">&nbsp;<\/td>\n<\/tr>\n<tr>\n<td colspan=\"2\" width=\"725\">\n<p align=\"center\"><b><span style=\"text-decoration: underline;\">Der erste Beisitzer<\/span><\/b><\/p>\n<\/td>\n<\/tr>\n<tr>\n<td width=\"436\">\n<p align=\"center\"><i>Anke Petry<\/i><\/p>\n<\/td>\n<td width=\"289\">&nbsp;<\/td>\n<\/tr>\n<tr>\n<td colspan=\"2\" width=\"725\">\n<p align=\"center\"><b><span style=\"text-decoration: underline;\">Der zweite Beisitzer<\/span><\/b><\/p>\n<\/td>\n<\/tr>\n<tr>\n<td width=\"436\">\n<p align=\"center\"><i>Frank Hagen<\/i><\/p>\n<\/td>\n<td width=\"289\">&nbsp;<\/td>\n<\/tr>\n<tr>\n<td colspan=\"2\" width=\"725\">\n<p align=\"center\"><b><span style=\"text-decoration: underline;\">Der dritte Beisitzer<\/span><\/b><\/p>\n<\/td>\n<\/tr>\n<tr>\n<td width=\"436\">\n<p align=\"center\"><i>Uwe Zeuner<\/i><\/p>\n<\/td>\n<td width=\"289\">&nbsp;<\/td>\n<\/tr>\n<\/tbody>\n<\/table>\n","protected":false},"excerpt":{"rendered":"<p>Der Vorstand im Jahre 2025 &nbsp; Der Vorsitzende Alfred Hubrich Tel. 02292\/&#8230;. mailto:vorsitzender(at)mgv-imhausen.de Der stellvertretende Vorsitzende J\u00f6rg Ortmann &nbsp; Die Gesch\u00e4tsf\u00fchrerin Sarah Engelberth Mobil. 02292\/&#8230;. mailto:geschaeftsfuehrung(at)mgv-imhausen.de Der stellvertretende Gesch\u00e4ftsf\u00fchrer Ann-Christin &nbsp; Der Kassierer Ralf Engelberth Tel. 02292\/&#8230;. mailto:engelberth.ralf(at)mgv-imhausen.de Der stellvertretende Kassierer Wolfgang Schmidt &nbsp; &nbsp; &nbsp; &nbsp; &nbsp; &nbsp; &nbsp; Der erste Beisitzer Anke Petry [&hellip;]<\/p>\n","protected":false},"author":1,"featured_media":0,"parent":0,"menu_order":0,"comment_status":"closed","ping_status":"closed","template":"page-c.php","meta":{"ngg_post_thumbnail":0,"footnotes":""},"class_list":["post-43","page","type-page","status-publish","hentry"],"_links":{"self":[{"href":"https:\/\/www.mgv-imhausen.de\/index.php?rest_route=\/wp\/v2\/pages\/43","targetHints":{"allow":["GET"]}}],"collection":[{"href":"https:\/\/www.mgv-imhausen.de\/index.php?rest_route=\/wp\/v2\/pages"}],"about":[{"href":"https:\/\/www.mgv-imhausen.de\/index.php?rest_route=\/wp\/v2\/types\/page"}],"author":[{"embeddable":true,"href":"https:\/\/www.mgv-imhausen.de\/index.php?rest_route=\/wp\/v2\/users\/1"}],"replies":[{"embeddable":true,"href":"https:\/\/www.mgv-imhausen.de\/index.php?rest_route=%2Fwp%2Fv2%2Fcomments&post=43"}],"version-history":[{"count":23,"href":"https:\/\/www.mgv-imhausen.de\/index.php?rest_route=\/wp\/v2\/pages\/43\/revisions"}],"predecessor-version":[{"id":30607,"href":"https:\/\/www.mgv-imhausen.de\/index.php?rest_route=\/wp\/v2\/pages\/43\/revisions\/30607"}],"wp:attachment":[{"href":"https:\/\/www.mgv-imhausen.de\/index.php?rest_route=%2Fwp%2Fv2%2Fmedia&parent=43"}],"curies":[{"name":"wp","href":"https:\/\/api.w.org\/{rel}","templated":true}]}}