{"id":29232,"date":"2019-04-13T10:34:55","date_gmt":"2019-04-13T08:34:55","guid":{"rendered":"http:\/\/www.mgv-imhausen.de\/?page_id=29232"},"modified":"2019-08-14T20:26:52","modified_gmt":"2019-08-14T18:26:52","slug":"umfrage-lieder-2019","status":"publish","type":"page","link":"https:\/\/www.mgv-imhausen.de\/?page_id=29232","title":{"rendered":"Umfrage Lieder 2019"},"content":{"rendered":"\n<pre class=\"wp-block-verse\"><br>Die Umfrage beginnt jetzt und endet am Sonntag, den 21.04.2019<br>Bei der Umfrage k\u00f6nnen bis zu 6 Votings je Umfrage abgegeben werden.<br>Jeder PC und jedes Handy kann nur einmal ein Voting abgeben.<br><br>Die Lieder die wir schon singen, werde ich aus dem Voting raus nehmen.<br><em>Contry Roads, Stammbaum, No No never, Aber dich gibt's nur einmal f\u00fcr mich,<br>Five hundret Miles<\/em><br><br><\/pre>\n\n\n\n<pre class=\"wp-block-code\"><code><div id=\"polls-1\" class=\"wp-polls\">\n\t<form id=\"polls_form_1\" class=\"wp-polls-form\" action=\"\/index.php\" method=\"post\">\n\t\t<p style=\"display: none;\"><input type=\"hidden\" id=\"poll_1_nonce\" name=\"wp-polls-nonce\" value=\"504eb92f29\" \/><\/p>\n\t\t<p style=\"display: none;\"><input type=\"hidden\" name=\"poll_id\" value=\"1\" \/><\/p>\n\t\t<p style=\"display: none;\"><input type=\"hidden\" id=\"poll_multiple_ans_1\" name=\"poll_multiple_ans_1\" value=\"6\" \/><\/p>\n\t\t<p style=\"text-align: center\"><strong>Der Gemischte Chor: Welche Lieder wollen wir Singen<\/strong><\/p><div id=\"polls-1-ans\" class=\"wp-polls-ans\"><ul class=\"wp-polls-ul\">\n\t\t<li><input type=\"checkbox\" id=\"poll-answer-1\" name=\"poll_1\" value=\"1\" \/> <label for=\"poll-answer-1\">Ich war noch niemals in New York<\/label><\/li>\n\t\t<li><input type=\"checkbox\" id=\"poll-answer-2\" name=\"poll_1\" value=\"2\" \/> <label for=\"poll-answer-2\">Wunder geschehn (Nena)<\/label><\/li>\n\t\t<li><input type=\"checkbox\" id=\"poll-answer-3\" name=\"poll_1\" value=\"3\" \/> <label for=\"poll-answer-3\">Ihr von morgen (Udo J\u00fcrgens)<\/label><\/li>\n\t\t<li><input type=\"checkbox\" id=\"poll-answer-4\" name=\"poll_1\" value=\"4\" \/> <label for=\"poll-answer-4\">Wenn am Himmel de St\u00e4\u00e4ne daze (Kl\u00fcgelk\u00f6pp)<\/label><\/li>\n\t\t<li><input type=\"checkbox\" id=\"poll-answer-5\" name=\"poll_1\" value=\"5\" \/> <label for=\"poll-answer-5\">Sekundengl\u00fcck von Herbert Gr\u00f6nemeyer<\/label><\/li>\n\t\t<li><input type=\"checkbox\" id=\"poll-answer-6\" name=\"poll_1\" value=\"6\" \/> <label for=\"poll-answer-6\">Liebe gewinnt von Brings<\/label><\/li>\n\t\t<li><input type=\"checkbox\" id=\"poll-answer-7\" name=\"poll_1\" value=\"7\" \/> <label for=\"poll-answer-7\">Liebe ist alles  von Rosenstolz<\/label><\/li>\n\t\t<li><input type=\"checkbox\" id=\"poll-answer-8\" name=\"poll_1\" value=\"8\" \/> <label for=\"poll-answer-8\">Die kleine Kneipe<\/label><\/li>\n\t\t<li><input type=\"checkbox\" id=\"poll-answer-9\" name=\"poll_1\" value=\"9\" \/> <label for=\"poll-answer-9\">Seite an Seite von Christina St\u00fcrmers<\/label><\/li>\n\t\t<li><input type=\"checkbox\" id=\"poll-answer-10\" name=\"poll_1\" value=\"10\" \/> <label for=\"poll-answer-10\">Spiel noch einmal f\u00fcr mich, Habanero<\/label><\/li>\n\t\t<li><input type=\"checkbox\" id=\"poll-answer-11\" name=\"poll_1\" value=\"11\" \/> <label for=\"poll-answer-11\">Vater unser von Hanne Haller<\/label><\/li>\n\t\t<li><input type=\"checkbox\" id=\"poll-answer-12\" name=\"poll_1\" value=\"12\" \/> <label for=\"poll-answer-12\">Island in the Sun - wo meine Sonne scheint<\/label><\/li>\n\t\t<li><input type=\"checkbox\" id=\"poll-answer-13\" name=\"poll_1\" value=\"13\" \/> <label for=\"poll-answer-13\">Freiheit von Marius M\u00fcller Westernhagen<\/label><\/li>\n\t\t<li><input type=\"checkbox\" id=\"poll-answer-14\" name=\"poll_1\" value=\"14\" \/> <label for=\"poll-answer-14\">Weil ich dich liebe auch von von Marius M\u00fclleWesternhagen<\/label><\/li>\n\t\t<li><input type=\"checkbox\" id=\"poll-answer-15\" name=\"poll_1\" value=\"15\" \/> <label for=\"poll-answer-15\">Willenlos von Marius M\u00fclleWesternhagen<\/label><\/li>\n\t\t<li><input type=\"checkbox\" id=\"poll-answer-16\" name=\"poll_1\" value=\"16\" \/> <label for=\"poll-answer-16\">Der perfekte Moment Max Rabe<\/label><\/li>\n\t\t<li><input type=\"checkbox\" id=\"poll-answer-17\" name=\"poll_1\" value=\"17\" \/> <label for=\"poll-answer-17\">Ch\u00f6re Mark Foster<\/label><\/li>\n\t\t<li><input type=\"checkbox\" id=\"poll-answer-18\" name=\"poll_1\" value=\"18\" \/> <label for=\"poll-answer-18\">Loch Lomond (das ist die Melodie der Hymne des FC K\u00f6lle)<\/label><\/li>\n\t\t<\/ul><p style=\"text-align: center\"><input type=\"button\" name=\"vote\" value=\"   Abstimmen   \" class=\"Buttons\" onclick=\"poll_vote(1);\" \/><\/p><p style=\"text-align: center\"><a href=\"#ViewPollResults\" onclick=\"poll_result(1); return false;\" title=\"View Results Of This Poll\">Abstimmung ansehen<\/a><\/p><\/div>\n\t<\/form>\n<\/div>\n<div id=\"polls-1-loading\" class=\"wp-polls-loading\"><img loading=\"lazy\" decoding=\"async\" src=\"https:\/\/www.mgv-imhausen.de\/wp-content\/plugins\/wp-polls\/images\/loading.gif\" width=\"16\" height=\"16\" alt=\"Wird geladen ...\" title=\"Wird geladen ...\" class=\"wp-polls-image\" \/>&nbsp;Wird geladen ...<\/div>\n<\/code><\/pre>\n","protected":false},"excerpt":{"rendered":"<p>Die Umfrage beginnt jetzt und endet am Sonntag, den 21.04.2019Bei der Umfrage k\u00f6nnen bis zu 6 Votings je Umfrage abgegeben werden.Jeder PC und jedes Handy kann nur einmal ein Voting abgeben.Die Lieder die wir schon singen, werde ich aus dem Voting raus nehmen.Contry Roads, Stammbaum, No No never, Aber dich gibt&#8217;s nur einmal f\u00fcr mich,Five [&hellip;]<\/p>\n","protected":false},"author":1,"featured_media":0,"parent":0,"menu_order":0,"comment_status":"closed","ping_status":"closed","template":"","meta":{"ngg_post_thumbnail":0,"footnotes":""},"class_list":["post-29232","page","type-page","status-publish","hentry"],"_links":{"self":[{"href":"https:\/\/www.mgv-imhausen.de\/index.php?rest_route=\/wp\/v2\/pages\/29232","targetHints":{"allow":["GET"]}}],"collection":[{"href":"https:\/\/www.mgv-imhausen.de\/index.php?rest_route=\/wp\/v2\/pages"}],"about":[{"href":"https:\/\/www.mgv-imhausen.de\/index.php?rest_route=\/wp\/v2\/types\/page"}],"author":[{"embeddable":true,"href":"https:\/\/www.mgv-imhausen.de\/index.php?rest_route=\/wp\/v2\/users\/1"}],"replies":[{"embeddable":true,"href":"https:\/\/www.mgv-imhausen.de\/index.php?rest_route=%2Fwp%2Fv2%2Fcomments&post=29232"}],"version-history":[{"count":17,"href":"https:\/\/www.mgv-imhausen.de\/index.php?rest_route=\/wp\/v2\/pages\/29232\/revisions"}],"predecessor-version":[{"id":29263,"href":"https:\/\/www.mgv-imhausen.de\/index.php?rest_route=\/wp\/v2\/pages\/29232\/revisions\/29263"}],"wp:attachment":[{"href":"https:\/\/www.mgv-imhausen.de\/index.php?rest_route=%2Fwp%2Fv2%2Fmedia&parent=29232"}],"curies":[{"name":"wp","href":"https:\/\/api.w.org\/{rel}","templated":true}]}}