{"id":29133,"date":"2019-03-08T06:41:24","date_gmt":"2019-03-08T05:41:24","guid":{"rendered":"http:\/\/www.mgv-imhausen.de\/?page_id=29133"},"modified":"2019-04-12T22:58:05","modified_gmt":"2019-04-12T20:58:05","slug":"der-gemischte-chor-des-mgv","status":"publish","type":"page","link":"https:\/\/www.mgv-imhausen.de\/?page_id=29133","title":{"rendered":"Der Kinderchor und der &#8222;Gemischte Chor&#8220; des MGV"},"content":{"rendered":"<blockquote>\n<p><b><i><\/i><\/b><br><!--more-->Die Geschichte des Kinderchores gem. Festbuch von 2009<br><a href=\"http:\/\/www.mgv-imhausen.de\/wp-content\/uploads\/2019\/03\/Geschichte-Kinderchor-gem-Festbuch-2009.pdf\">Geschichte Kinderchor gem Festbuch 2009<\/a><\/p>\n<\/blockquote>\n<p><strong><em>Die Geschichte des Kinder- und dem Gemischten-Chor<\/em><\/strong><\/p>\n<p>Im Jahre 2000 riefen 2 S\u00e4nger des MGV (Alfred Hubrich und Ralf Engelberth) einen Kinder- und Jugendchor unter der Schirmherrschaft des MGV ins Leben.<br>Es wurde die Lehrerin Frau Grothe als Chorleiter engagiert.<br>Man merkte aber schnell, dass Frau Grothe nicht die Richtige f\u00fcr diesen Chor war.<br>So verpflichteten die M\u00e4nner des MGV Frau Studienr\u00e4tin Frau Anette Uebe. Diese \u00fcbernahm das Dirigat von 2000 \u2013 2005.<br>Beruflich bedingt musste Frau Uebe leider das Dirigat beenden und gab dieses an einen ihrer Sch\u00fcler Christian Becher weiter.<br>Dieser leitete den Chor aber nur 2005.<br>Ende 2005 bis 2012 leitete der S\u00e4nger Ralf Engelberth den Kinder- und Jugendchor.<img loading=\"lazy\" decoding=\"async\" width=\"300\" height=\"225\" class=\"size-medium wp-image-29209 alignleft\" alt=\"\" src=\"http:\/\/www.mgv-imhausen.de\/wp-content\/uploads\/2019\/03\/D__Dokumente-und-Einstellungen_Alfred-Hubrich_Anwendungsdaten_FUJIFILM_FinePixViewerS_Temp_0513-002907_DSCF1390-300x225.jpg\" srcset=\"https:\/\/www.mgv-imhausen.de\/wp-content\/uploads\/2019\/03\/D__Dokumente-und-Einstellungen_Alfred-Hubrich_Anwendungsdaten_FUJIFILM_FinePixViewerS_Temp_0513-002907_DSCF1390-300x225.jpg 300w, https:\/\/www.mgv-imhausen.de\/wp-content\/uploads\/2019\/03\/D__Dokumente-und-Einstellungen_Alfred-Hubrich_Anwendungsdaten_FUJIFILM_FinePixViewerS_Temp_0513-002907_DSCF1390-768x576.jpg 768w, https:\/\/www.mgv-imhausen.de\/wp-content\/uploads\/2019\/03\/D__Dokumente-und-Einstellungen_Alfred-Hubrich_Anwendungsdaten_FUJIFILM_FinePixViewerS_Temp_0513-002907_DSCF1390-1024x768.jpg 1024w, https:\/\/www.mgv-imhausen.de\/wp-content\/uploads\/2019\/03\/D__Dokumente-und-Einstellungen_Alfred-Hubrich_Anwendungsdaten_FUJIFILM_FinePixViewerS_Temp_0513-002907_DSCF1390.jpg 1279w\" sizes=\"auto, (max-width: 300px) 100vw, 300px\" \/> <img loading=\"lazy\" decoding=\"async\" width=\"300\" height=\"225\" class=\"size-medium wp-image-29210 alignright\" alt=\"\" src=\"http:\/\/www.mgv-imhausen.de\/wp-content\/uploads\/2019\/03\/D__Dokumente-und-Einstellungen_Alfred-Hubrich_Anwendungsdaten_FUJIFILM_FinePixViewerS_Temp_0513-002907_DSCF1427-300x225.jpg\" srcset=\"https:\/\/www.mgv-imhausen.de\/wp-content\/uploads\/2019\/03\/D__Dokumente-und-Einstellungen_Alfred-Hubrich_Anwendungsdaten_FUJIFILM_FinePixViewerS_Temp_0513-002907_DSCF1427-300x225.jpg 300w, https:\/\/www.mgv-imhausen.de\/wp-content\/uploads\/2019\/03\/D__Dokumente-und-Einstellungen_Alfred-Hubrich_Anwendungsdaten_FUJIFILM_FinePixViewerS_Temp_0513-002907_DSCF1427-768x576.jpg 768w, https:\/\/www.mgv-imhausen.de\/wp-content\/uploads\/2019\/03\/D__Dokumente-und-Einstellungen_Alfred-Hubrich_Anwendungsdaten_FUJIFILM_FinePixViewerS_Temp_0513-002907_DSCF1427-1024x768.jpg 1024w, https:\/\/www.mgv-imhausen.de\/wp-content\/uploads\/2019\/03\/D__Dokumente-und-Einstellungen_Alfred-Hubrich_Anwendungsdaten_FUJIFILM_FinePixViewerS_Temp_0513-002907_DSCF1427.jpg 1279w\" sizes=\"auto, (max-width: 300px) 100vw, 300px\" \/> <img loading=\"lazy\" decoding=\"async\" width=\"300\" height=\"225\" class=\"size-medium wp-image-29208 alignleft\" alt=\"\" src=\"http:\/\/www.mgv-imhausen.de\/wp-content\/uploads\/2019\/03\/D__Dokumente-und-Einstellungen_Alfred-Hubrich_Anwendungsdaten_FUJIFILM_FinePixViewerS_Temp_0513-002907_DSCF1389-300x225.jpg\" srcset=\"https:\/\/www.mgv-imhausen.de\/wp-content\/uploads\/2019\/03\/D__Dokumente-und-Einstellungen_Alfred-Hubrich_Anwendungsdaten_FUJIFILM_FinePixViewerS_Temp_0513-002907_DSCF1389-300x225.jpg 300w, https:\/\/www.mgv-imhausen.de\/wp-content\/uploads\/2019\/03\/D__Dokumente-und-Einstellungen_Alfred-Hubrich_Anwendungsdaten_FUJIFILM_FinePixViewerS_Temp_0513-002907_DSCF1389-768x576.jpg 768w, https:\/\/www.mgv-imhausen.de\/wp-content\/uploads\/2019\/03\/D__Dokumente-und-Einstellungen_Alfred-Hubrich_Anwendungsdaten_FUJIFILM_FinePixViewerS_Temp_0513-002907_DSCF1389-1024x768.jpg 1024w, https:\/\/www.mgv-imhausen.de\/wp-content\/uploads\/2019\/03\/D__Dokumente-und-Einstellungen_Alfred-Hubrich_Anwendungsdaten_FUJIFILM_FinePixViewerS_Temp_0513-002907_DSCF1389.jpg 1279w\" sizes=\"auto, (max-width: 300px) 100vw, 300px\" \/> <img loading=\"lazy\" decoding=\"async\" width=\"300\" height=\"225\" class=\"size-medium wp-image-29211 alignright\" alt=\"\" src=\"http:\/\/www.mgv-imhausen.de\/wp-content\/uploads\/2019\/03\/D__Dokumente-und-Einstellungen_Alfred-Hubrich_Anwendungsdaten_FUJIFILM_FinePixViewerS_Temp_0513-002907_DSCF1428-300x225.jpg\" srcset=\"https:\/\/www.mgv-imhausen.de\/wp-content\/uploads\/2019\/03\/D__Dokumente-und-Einstellungen_Alfred-Hubrich_Anwendungsdaten_FUJIFILM_FinePixViewerS_Temp_0513-002907_DSCF1428-300x225.jpg 300w, https:\/\/www.mgv-imhausen.de\/wp-content\/uploads\/2019\/03\/D__Dokumente-und-Einstellungen_Alfred-Hubrich_Anwendungsdaten_FUJIFILM_FinePixViewerS_Temp_0513-002907_DSCF1428-768x576.jpg 768w, https:\/\/www.mgv-imhausen.de\/wp-content\/uploads\/2019\/03\/D__Dokumente-und-Einstellungen_Alfred-Hubrich_Anwendungsdaten_FUJIFILM_FinePixViewerS_Temp_0513-002907_DSCF1428-1024x768.jpg 1024w, https:\/\/www.mgv-imhausen.de\/wp-content\/uploads\/2019\/03\/D__Dokumente-und-Einstellungen_Alfred-Hubrich_Anwendungsdaten_FUJIFILM_FinePixViewerS_Temp_0513-002907_DSCF1428.jpg 1279w\" sizes=\"auto, (max-width: 300px) 100vw, 300px\" \/> <img loading=\"lazy\" decoding=\"async\" width=\"300\" height=\"225\" class=\"size-medium wp-image-29216 alignleft\" alt=\"\" src=\"http:\/\/www.mgv-imhausen.de\/wp-content\/uploads\/2019\/03\/D__Dokumente-und-Einstellungen_Alfred-Hubrich_Anwendungsdaten_FUJIFILM_FinePixViewerS_Temp_0513-000711_DSCF1421-300x225.jpg\" srcset=\"https:\/\/www.mgv-imhausen.de\/wp-content\/uploads\/2019\/03\/D__Dokumente-und-Einstellungen_Alfred-Hubrich_Anwendungsdaten_FUJIFILM_FinePixViewerS_Temp_0513-000711_DSCF1421-300x225.jpg 300w, https:\/\/www.mgv-imhausen.de\/wp-content\/uploads\/2019\/03\/D__Dokumente-und-Einstellungen_Alfred-Hubrich_Anwendungsdaten_FUJIFILM_FinePixViewerS_Temp_0513-000711_DSCF1421-768x576.jpg 768w, https:\/\/www.mgv-imhausen.de\/wp-content\/uploads\/2019\/03\/D__Dokumente-und-Einstellungen_Alfred-Hubrich_Anwendungsdaten_FUJIFILM_FinePixViewerS_Temp_0513-000711_DSCF1421-1024x768.jpg 1024w, https:\/\/www.mgv-imhausen.de\/wp-content\/uploads\/2019\/03\/D__Dokumente-und-Einstellungen_Alfred-Hubrich_Anwendungsdaten_FUJIFILM_FinePixViewerS_Temp_0513-000711_DSCF1421.jpg 1279w\" sizes=\"auto, (max-width: 300px) 100vw, 300px\" \/><br>&nbsp;&nbsp;<br>In den Jahren merkte man, dass die Mitgliederzahlen im M\u00e4nnerchor wie auch im Kinder- und Jugendchor r\u00fcckl\u00e4ufig sind.<\/p>\n<p>&nbsp;<\/p>\n<p>Um auch nun die Jungen und M\u00e4dchen des Kinder- und Jugendchores wie auch neuen aktiven S\u00e4nger eine Alternative zum zu bieten, gr\u00fcndeten auch wieder die 2 S\u00e4nger des MGV (Alfred Hubrich und Ralf Engelberth) unter starken Widerstand der anderen S\u00e4nger 2009 einen gemischten Chor.<br>Hier \u00fcbernahm Harald Gerhards mit Begeisterung das Dirigat.<\/p>\n<p>Um den Widerstand in den Reihen des MGV gering zu halten und nicht noch eine Konkurrenz, zu dem noch bestehenden, stark in die Jahre gekommenen Hobbys\u00e4ngerinnen, wurde der gemischte Chor lediglich nur als Projektchor unter dem Namen \u201eFrauen-Power\u201c ins Leben gerufen.<\/p>\n<p>Jedoch entdeckten viele j\u00fcngere Frauen die Leidenschaft zum Chorgesang. Auch einige M\u00e4nner fanden es sehr angenehm in einem gemischten Chor zu singen.<br>So wurde der<br>\u201eGemischter Chor\u201c des MGV-Imhausen<br>bis heute als zweites Standbein in den Verein integriert.<br>Diese Begeisterung ist letztlich auch auf das hervorragende Dirigat von Harald Gerhards zur\u00fcck zu f\u00fchren.<br>Bis heute wird der M\u00e4nnerchor wie auch der gemischte Chor von Harald Gerhards dirigiert.<\/p>\n\n\n<figure class=\"wp-block-image is-resized\"><img loading=\"lazy\" decoding=\"async\" src=\"http:\/\/www.mgv-imhausen.de\/wp-content\/uploads\/2019\/03\/D__Dokumente-und-Einstellungen_Alfred-Hubrich_Anwendungsdaten_FUJIFILM_FinePixViewerS_Temp_0513-003645_DSCF1439-1024x768.jpg\" alt=\"\" class=\"wp-image-29212\" width=\"596\" height=\"447\" srcset=\"https:\/\/www.mgv-imhausen.de\/wp-content\/uploads\/2019\/03\/D__Dokumente-und-Einstellungen_Alfred-Hubrich_Anwendungsdaten_FUJIFILM_FinePixViewerS_Temp_0513-003645_DSCF1439-1024x768.jpg 1024w, https:\/\/www.mgv-imhausen.de\/wp-content\/uploads\/2019\/03\/D__Dokumente-und-Einstellungen_Alfred-Hubrich_Anwendungsdaten_FUJIFILM_FinePixViewerS_Temp_0513-003645_DSCF1439-300x225.jpg 300w, https:\/\/www.mgv-imhausen.de\/wp-content\/uploads\/2019\/03\/D__Dokumente-und-Einstellungen_Alfred-Hubrich_Anwendungsdaten_FUJIFILM_FinePixViewerS_Temp_0513-003645_DSCF1439-768x576.jpg 768w, https:\/\/www.mgv-imhausen.de\/wp-content\/uploads\/2019\/03\/D__Dokumente-und-Einstellungen_Alfred-Hubrich_Anwendungsdaten_FUJIFILM_FinePixViewerS_Temp_0513-003645_DSCF1439.jpg 1279w\" sizes=\"auto, (max-width: 596px) 100vw, 596px\" \/><figcaption><br>Frauenpower die erste Probe<\/figcaption><\/figure>\n\n\n\n<figure class=\"wp-block-image is-resized\"><img loading=\"lazy\" decoding=\"async\" src=\"http:\/\/www.mgv-imhausen.de\/wp-content\/uploads\/2019\/03\/D__Dokumente-und-Einstellungen_Alfred-Hubrich_Anwendungsdaten_FUJIFILM_FinePixViewerS_Temp_0513-003645_DSCF1442-1024x768.jpg\" alt=\"\" class=\"wp-image-29215\" width=\"580\" height=\"435\" srcset=\"https:\/\/www.mgv-imhausen.de\/wp-content\/uploads\/2019\/03\/D__Dokumente-und-Einstellungen_Alfred-Hubrich_Anwendungsdaten_FUJIFILM_FinePixViewerS_Temp_0513-003645_DSCF1442-1024x768.jpg 1024w, https:\/\/www.mgv-imhausen.de\/wp-content\/uploads\/2019\/03\/D__Dokumente-und-Einstellungen_Alfred-Hubrich_Anwendungsdaten_FUJIFILM_FinePixViewerS_Temp_0513-003645_DSCF1442-300x225.jpg 300w, https:\/\/www.mgv-imhausen.de\/wp-content\/uploads\/2019\/03\/D__Dokumente-und-Einstellungen_Alfred-Hubrich_Anwendungsdaten_FUJIFILM_FinePixViewerS_Temp_0513-003645_DSCF1442-768x576.jpg 768w, https:\/\/www.mgv-imhausen.de\/wp-content\/uploads\/2019\/03\/D__Dokumente-und-Einstellungen_Alfred-Hubrich_Anwendungsdaten_FUJIFILM_FinePixViewerS_Temp_0513-003645_DSCF1442.jpg 1279w\" sizes=\"auto, (max-width: 580px) 100vw, 580px\" \/><figcaption>Frauenpower die erste Probe<\/figcaption><\/figure>\n\n\n\n<figure class=\"wp-block-image\"><img loading=\"lazy\" decoding=\"async\" width=\"1024\" height=\"768\" src=\"http:\/\/www.mgv-imhausen.de\/wp-content\/uploads\/2019\/03\/D__Dokumente-und-Einstellungen_Alfred-Hubrich_Anwendungsdaten_FUJIFILM_FinePixViewerS_Temp_0513-003645_DSCF1441-1024x768.jpg\" alt=\"\" class=\"wp-image-29214\" srcset=\"https:\/\/www.mgv-imhausen.de\/wp-content\/uploads\/2019\/03\/D__Dokumente-und-Einstellungen_Alfred-Hubrich_Anwendungsdaten_FUJIFILM_FinePixViewerS_Temp_0513-003645_DSCF1441-1024x768.jpg 1024w, https:\/\/www.mgv-imhausen.de\/wp-content\/uploads\/2019\/03\/D__Dokumente-und-Einstellungen_Alfred-Hubrich_Anwendungsdaten_FUJIFILM_FinePixViewerS_Temp_0513-003645_DSCF1441-300x225.jpg 300w, https:\/\/www.mgv-imhausen.de\/wp-content\/uploads\/2019\/03\/D__Dokumente-und-Einstellungen_Alfred-Hubrich_Anwendungsdaten_FUJIFILM_FinePixViewerS_Temp_0513-003645_DSCF1441-768x576.jpg 768w, https:\/\/www.mgv-imhausen.de\/wp-content\/uploads\/2019\/03\/D__Dokumente-und-Einstellungen_Alfred-Hubrich_Anwendungsdaten_FUJIFILM_FinePixViewerS_Temp_0513-003645_DSCF1441.jpg 1279w\" sizes=\"auto, (max-width: 1024px) 100vw, 1024px\" \/><figcaption><br>Frauenpower die erste Probe<\/figcaption><\/figure>\n\n\n\n<figure class=\"wp-block-image is-resized\"><img loading=\"lazy\" decoding=\"async\" src=\"http:\/\/www.mgv-imhausen.de\/wp-content\/uploads\/2019\/03\/D__Dokumente-und-Einstellungen_Alfred-Hubrich_Anwendungsdaten_FUJIFILM_FinePixViewerS_Temp_0513-003645_DSCF1440-1024x768.jpg\" alt=\"\" class=\"wp-image-29213\" width=\"580\" height=\"435\" srcset=\"https:\/\/www.mgv-imhausen.de\/wp-content\/uploads\/2019\/03\/D__Dokumente-und-Einstellungen_Alfred-Hubrich_Anwendungsdaten_FUJIFILM_FinePixViewerS_Temp_0513-003645_DSCF1440-1024x768.jpg 1024w, https:\/\/www.mgv-imhausen.de\/wp-content\/uploads\/2019\/03\/D__Dokumente-und-Einstellungen_Alfred-Hubrich_Anwendungsdaten_FUJIFILM_FinePixViewerS_Temp_0513-003645_DSCF1440-300x225.jpg 300w, https:\/\/www.mgv-imhausen.de\/wp-content\/uploads\/2019\/03\/D__Dokumente-und-Einstellungen_Alfred-Hubrich_Anwendungsdaten_FUJIFILM_FinePixViewerS_Temp_0513-003645_DSCF1440-768x576.jpg 768w, https:\/\/www.mgv-imhausen.de\/wp-content\/uploads\/2019\/03\/D__Dokumente-und-Einstellungen_Alfred-Hubrich_Anwendungsdaten_FUJIFILM_FinePixViewerS_Temp_0513-003645_DSCF1440.jpg 1279w\" sizes=\"auto, (max-width: 580px) 100vw, 580px\" \/><figcaption>Frauenpower die erste Probe<\/figcaption><\/figure>\n","protected":false},"excerpt":{"rendered":"","protected":false},"author":1,"featured_media":0,"parent":0,"menu_order":0,"comment_status":"closed","ping_status":"closed","template":"page-c.php","meta":{"ngg_post_thumbnail":0,"footnotes":""},"class_list":["post-29133","page","type-page","status-publish","hentry"],"_links":{"self":[{"href":"https:\/\/www.mgv-imhausen.de\/index.php?rest_route=\/wp\/v2\/pages\/29133","targetHints":{"allow":["GET"]}}],"collection":[{"href":"https:\/\/www.mgv-imhausen.de\/index.php?rest_route=\/wp\/v2\/pages"}],"about":[{"href":"https:\/\/www.mgv-imhausen.de\/index.php?rest_route=\/wp\/v2\/types\/page"}],"author":[{"embeddable":true,"href":"https:\/\/www.mgv-imhausen.de\/index.php?rest_route=\/wp\/v2\/users\/1"}],"replies":[{"embeddable":true,"href":"https:\/\/www.mgv-imhausen.de\/index.php?rest_route=%2Fwp%2Fv2%2Fcomments&post=29133"}],"version-history":[{"count":10,"href":"https:\/\/www.mgv-imhausen.de\/index.php?rest_route=\/wp\/v2\/pages\/29133\/revisions"}],"predecessor-version":[{"id":29231,"href":"https:\/\/www.mgv-imhausen.de\/index.php?rest_route=\/wp\/v2\/pages\/29133\/revisions\/29231"}],"wp:attachment":[{"href":"https:\/\/www.mgv-imhausen.de\/index.php?rest_route=%2Fwp%2Fv2%2Fmedia&parent=29133"}],"curies":[{"name":"wp","href":"https:\/\/api.w.org\/{rel}","templated":true}]}}