{"id":29126,"date":"2019-03-08T06:31:07","date_gmt":"2019-03-08T05:31:07","guid":{"rendered":"http:\/\/www.mgv-imhausen.de\/?page_id=29126"},"modified":"2019-03-08T06:31:07","modified_gmt":"2019-03-08T05:31:07","slug":"gutachten-zur-geschichte-des-mgv-imhausen","status":"publish","type":"page","link":"https:\/\/www.mgv-imhausen.de\/?page_id=29126","title":{"rendered":"Gutachten zur Geschichte des MGV Imhausen"},"content":{"rendered":"<p>Lokalhistorisches G u t a c h t e n \u00fcber die (1969) 115 j\u00e4hrige Vereinsgeschichte des MGV &#8222;Deutscher M\u00e4nnerchor&#8220; Imhausen<br \/>\n1.)Der MGV Imhausen\tkann eine 115\u2014j\u00e4hrige Vereinsgeschichte nachweisen<br \/>\n2.)Der Schulbezirk Imhausen (Siegkreis) hat den \u00e4ltesten Orteigenen (!)\tMGV in der Gemeinde Rosbach. Der Rosbacher MGV , dessen Tradition bis 1817 zur\u00fcckreicht, war (bis 1886) ein Gemeindechor.<br \/>\n3.)\tDer Imhausener Verein wurde im M a i 1 8 5 4 von dem Rosbacher Lehrer und Dirigenten Gustav Berghaus ins Leben gerufen und von ihm auch bis 1 8 5 9 geleitet. Der Pr\u00e4ses des Vereins war der einflussreiche Kommunalpolitiker Michael Brabeck<br \/>\n4.)\tVon 1860 bis 1882 sind wesentliche Angaben \u00fcber den Verein nicht greifbar; zwar werden gelegentlich als Dirigenten (Choregenten) die Lehrer Krah und. Schenk bezeichnet, doch ist von einem Verein als solchem nicht ausdr\u00fccklich die Rede.<br \/>\n5.)\tIm November 1 8 8 3 wird (von dem evgl. Pfarrer: Gerschegen in Rosbach) gelegentlich einer Luther-Gedenkfeier ein ,,Sch\u00fcler- und Erwachsenenchor\u201c unter der Stabf\u00fchrung des Imhausener Lehrers Wilhelm Kurz lobend erw\u00e4hnt. Kurz stellt 1 8 8 6 unter dem Einfluss der Rosbacher Neugr\u00fcndung eines MGV einen Imhausener\t&#8222;S\u00e4ngerkreis&#8220;\tzusammen.<\/p>\n<p>6.)\tWeihnachten 1 8 9 6 erfolgt mit fast 40 S\u00e4ngern (1) die ordentliche Anmeldung des MCV ,,DEUTSCHEN M\u00e4nnerchor&#8220; Imhausen beim Landratsamt zu Waldbr\u00f6l. Bezeichnenderweise wird das Ziel des ,,S\u00e4ngerkreises\u201c ( als des Vorl\u00e4ufers des Vereins) \u00fcbernommen mit der Aufgabe der &#8222;Ausbildung der Gesangs-Organe (1) und F\u00f6r\u00acderung edler Gesinnungen\u201c; angestrebt Wird noch die &#8222;Pflege der Gemeinschaft\u201c.<br \/>\n7.) Seit 1896 f\u00fchrt der Verein eine Chronik der seine Geschichte l\u00fcckenlos bis zur Gegenwart festgehalten sind.<br \/>\n8.) Nachfolgend\twird die ll5j\u00e4hrige Tradition des MGV Imhausen an Hand der archivalichen Quellen und darauf fassenden Literaturnahweisen auf gezeichnet<br \/>\n9.)\tDie Forschungen erfolgten in den Jahren 1950 bis 1953 in Auftrage des S\u00e4ngerkreises Sieg (Siegburg) und des MCV ,,S\u00e4ngerbund\u2014Concordia\u201c Rosbach durch den Hauptlehrer  Otto-Ernst L\u00f6ttgen. Sie sind niedergelegt in der  Brosch\u00fcre ,,Im Klang der T\u00f6ne\u201c, Wissen 1952; diese ist im Amtlichen Organ des DSB , Spt\u2014Nr. 1953, fachkundig besprochen und in ihrem historischen und kulturellen Wert ausdr\u00fccklich als vorbildlich herausgestellt worden<br \/>\n\u00d6ttershagen, den 23.Februar 1968<br \/>\nAnlagen<br \/>\n1)Quellen und Literatur f\u00fcr den Nachweis der ll5j\u00e4hrigen ,Tradition des MGV Imhausen 1 Blatt 2)Zur Geschichte des MGV ,,DEUTSCHEN M\u00e4nnerchor&#8220; Imhausen<br \/>\nQuellen und Literatur f\u00fcr den Nachweis der 115 j\u00e4hrigen Tradition\tdes MGV zu Imhausen<br \/>\n1) Vereis- und Schulchroniken zu Imhausen<br \/>\n2)Maurer, Statistische Darstellung des Kreises Waldbr\u00f6l etc Waldbroel, 1863<br \/>\n3)Landratsakten des Kreises Waldbr\u00f6l, 1904 bis 1913, dazu Ausz\u00fcge aus den Jahren 1870 bis 1890<br \/>\n4)Akten der geistlichen Schulaufsicht im Pfarrarchiv der Evangelischen Kirchengemeinde Rosbach-Sieg<br \/>\n5)L\u00f6ttgen, O.E. Im Klang der T\u00f6ne , Beitrag zur Geschichte des Liedes im Raume der Oberen Sieg, Wissen 1952, dar in ausf\u00fchrliche Quellenhinweise ,Erg\u00e4nzungen und Literratur angaben<br \/>\nAusf\u00fchrliche fachkundige Beurteilung dieses Buches in Deutsche S\u00e4ngerbundszeitung, Amtliches Organ des DSB, September 1953<br \/>\n6)L\u00f6ttgen, 0.E.,136 Jahre Tradition des deutschen Liedes, herausgegeben vom MGV ,,S\u00e4ngerbund\u2014Concordia\u201c,Rosbach, 1953<br \/>\n7)L\u00f6ttgen,0.S.,Jubil\u00e4umsfestschritt 150 Jahre MGV Rosbach, 1967\tErg\u00e4nzung der Schriften Nr. 5 und 6.<br \/>\n8)L\u00f6ttgen, O.E.,1000 Jahre Leuscheid etc, Schriftenreihe des Vereins f\u2014Rhein.Kirchengeschichte, Nr .26, D\u00fcsseldorf 1967<br \/>\n9)MGV Deutscher M\u00e4nnerchor Imhausen, Jubil\u00e4umsschritten zu Stifftungsfesten, so wie Schrift zum S\u00e4ngerwettstreit 1952<br \/>\nOtto\u2014Ernst L\u00f6 t t g e n<br \/>\n5227 Otterahagen bei Bosbach\u2014Sieg<\/p>\n","protected":false},"excerpt":{"rendered":"<p>Lokalhistorisches G u t a c h t e n \u00fcber die (1969) 115 j\u00e4hrige Vereinsgeschichte des MGV &#8222;Deutscher M\u00e4nnerchor&#8220; Imhausen 1.)Der MGV Imhausen kann eine 115\u2014j\u00e4hrige Vereinsgeschichte nachweisen 2.)Der Schulbezirk Imhausen (Siegkreis) hat den \u00e4ltesten Orteigenen (!) MGV in der Gemeinde Rosbach. Der Rosbacher MGV , dessen Tradition bis 1817 zur\u00fcckreicht, war (bis 1886) [&hellip;]<\/p>\n","protected":false},"author":1,"featured_media":0,"parent":0,"menu_order":0,"comment_status":"closed","ping_status":"closed","template":"page-c.php","meta":{"ngg_post_thumbnail":0,"footnotes":""},"class_list":["post-29126","page","type-page","status-publish","hentry"],"_links":{"self":[{"href":"https:\/\/www.mgv-imhausen.de\/index.php?rest_route=\/wp\/v2\/pages\/29126","targetHints":{"allow":["GET"]}}],"collection":[{"href":"https:\/\/www.mgv-imhausen.de\/index.php?rest_route=\/wp\/v2\/pages"}],"about":[{"href":"https:\/\/www.mgv-imhausen.de\/index.php?rest_route=\/wp\/v2\/types\/page"}],"author":[{"embeddable":true,"href":"https:\/\/www.mgv-imhausen.de\/index.php?rest_route=\/wp\/v2\/users\/1"}],"replies":[{"embeddable":true,"href":"https:\/\/www.mgv-imhausen.de\/index.php?rest_route=%2Fwp%2Fv2%2Fcomments&post=29126"}],"version-history":[{"count":1,"href":"https:\/\/www.mgv-imhausen.de\/index.php?rest_route=\/wp\/v2\/pages\/29126\/revisions"}],"predecessor-version":[{"id":29127,"href":"https:\/\/www.mgv-imhausen.de\/index.php?rest_route=\/wp\/v2\/pages\/29126\/revisions\/29127"}],"wp:attachment":[{"href":"https:\/\/www.mgv-imhausen.de\/index.php?rest_route=%2Fwp%2Fv2%2Fmedia&parent=29126"}],"curies":[{"name":"wp","href":"https:\/\/api.w.org\/{rel}","templated":true}]}}