{"id":29120,"date":"2019-03-08T06:25:49","date_gmt":"2019-03-08T05:25:49","guid":{"rendered":"http:\/\/www.mgv-imhausen.de\/?page_id=29120"},"modified":"2019-03-08T06:25:49","modified_gmt":"2019-03-08T05:25:49","slug":"gruendung-des-mgv-gem-festbuch-2004","status":"publish","type":"page","link":"https:\/\/www.mgv-imhausen.de\/?page_id=29120","title":{"rendered":"Gr\u00fcndung des MGV gem. Festbuch 2004"},"content":{"rendered":"<p>Die Vorgeschichte des &#8222;Deutschen M\u00e4nnerchores Imhausen&#8220; von 1854 bis 1896 (nach Otto-Ernst L\u00f6ttgen)<\/p>\n<p>Der Lehrer und sehr engagierte Heimatforscher Otto-Ernst L\u00f6ttgen aus Oettershagen, bei Rosbach\/Sieg,<br \/>\nbefasste sich zwischen 1948 und 1968 bevorzugt mit der Erforschung der Geschichte des Liedes im Heimatraum<br \/>\nan der Sieg.<br \/>\nEr wertete Vereins- und Schulchroniken (auch aus Imhausen\/Hundhausen), statistische Darstellungen des Kreises<br \/>\nWaldbr\u00f6l, Akten der geistlichen Schulaufsicht des Pfarrarchivs der evangelischen Kirchengemeinde Rosbach\/Sieg,<br \/>\nLandratsakten des Kreises Waldbr\u00f6l und andere Quellen, wie z.B., unsere Vereinschronik oder Angaben von \u00e4lteren<br \/>\nEinwohnern Imhausens- die sich auf Erz\u00e4hlungen der Eltern oder Gro\u00dfeltern bezogen- aus.<br \/>\nDiese Quellen sind nat\u00fcrlich l\u00fcckenhaft; und die Hinweise, Angaben und Erz\u00e4hlungen sind nur aus der besonderen<br \/>\nKenntnis der heimatlichen Verh\u00e4ltnisse in den richtigen oder wahrscheinlichsten Zusammenhang zu setzen; aber sie<br \/>\ngeben Glaubw\u00fcrdig die Entstehungsgeschichte unseres M\u00e4nnergesangvereins wieder.<br \/>\nDiese Forschungen ergaben folgendes Bild:<\/p>\n<p>Im M\u00e4rz 1854 erkl\u00e4rte sich der Rosbacher Lehrer und begeisterte Musikus Berghaus bereit, den verwaisten<br \/>\nSchulbezirk Imhausen zeitweilig zu \u00fcbernehmen. Die Schule befand sich damals in Imhausen.<br \/>\nDort erhielten ca. 120 Kinder, auf engstem Raum und in zwei Schichten, Unterricht.<br \/>\nSchon im Mai 1854 ist in den Akten der geistlichen Schulaufsicht der evang. Kirchengemeinde Rosbach von einem<br \/>\nChor Imhausen die Rede.<br \/>\nEs ist anzunehmen, da\u00df Berghaus diese Chorgr\u00fcndung ausl\u00f6ste; war er doch im Rosbacher Chor und im Chor der oberbergischen Lehrerschaft t\u00e4tig.<br \/>\n\u201ePr\u00e4ses\u201c des Imhausener Chores- heute w\u00fcrde man \u201eVorsitzender\u201c sagen- war damals der Spezerei- H\u00e4ndler und<br \/>\nBranntwein- Brenner Michael Brabeck aus Imhausen.<br \/>\nLehrer Berghaus leitete den Chor Imhausen (von dem ein Vereinsname nicht \u00fcberliefert ist)\u201c bis 1859.<br \/>\nVon 1860 bis 1882 fehlen ausf\u00fchrliche Vereinsmitteilungen. Diese sind vermutlich beim Brand des Anwesens Brabeck<br \/>\nverloren gegangen.<br \/>\nDie Schul- und Pfarrakten erw\u00e4hnen jedoch bis 1882 einen \u201eChor zu Imhausen\u201c mehrfach und die Lehrer-Dirigenten<br \/>\nBerghaus, Krah, Weber, Krah und Kurz.<br \/>\nChorpausen wird es aufgrund von Lehrermangel oder wegen unmusikalischer Lehrer immer wieder gegeben haben.<\/p>\n<p>1883 wird von einem \u201eImhausener Erwachsenenchor\u201c unter Lehrer- Dirigent Kurz berichtet.<br \/>\n1886 stellt Lehrer Kurz einen Imhausener \u201eS\u00e4ngerkreis\u201c zusammen, der der direkte Vorl\u00e4ufer unseres<br \/>\nM\u00e4nnergesangvereins ist.<br \/>\nAlso darf man wohl annehmen, da\u00df unser heutiger Chor auf der Tradition der Imhausener Ch\u00f6re seit 1854 fu\u00dft und<br \/>\ndamit zu den drei \u00e4ltesten Ch\u00f6ren im damaligen Landkreis Waldbr\u00f6l geh\u00f6rte.<br \/>\nSeit 1896 ist die Existenz unseres M\u00e4nnerchores unstrittig und in der handschriftlichen Chronik l\u00fcckenlos<br \/>\nnachgewiesen.<br \/>\nDiese Gr\u00fcndungsdokumentation mit Satzung beruht auf der Herausgabe des \u201eB\u00fcrgerlichen Gesetzbuches (BGB)\u201c,<br \/>\ndas u.a. auch Rechte, Pflichten und Status der Vereine einheitlich im Deutschen Reich regelte (1896 vom Reichstag<br \/>\nverabschiedet und f\u00fcr Preu\u00dfen noch im gleichen Jahr in Kraft gesetzt; ab 1900 f\u00fcr alle Teile des Reiches vom<br \/>\nK\u00f6nigreich Bayern bis zur Hansestadt Hamburg g\u00fcltig).<\/p>\n<p>Zum Schlu\u00df noch ein Wort zur Namensgebung \u201eDeutscher M\u00e4nnerchor\u201c sowie zum damaligen Vereinsmotto<br \/>\n\u201eIm Liede stark, Deutsch bis ins Mark\u201c.<\/p>\n<p>Der MGV Imhausen gab sich in der Gr\u00fcndungssatzung 1896 diesen Namen und das Motto mit gr\u00f6\u00dfter<br \/>\nWahrscheinlichkeit zum 25. Jubil\u00e4um der Gr\u00fcndung des Deutschen Reiches<br \/>\n(am 18. Januar 1871 wurde Wilhelm I zum Deutschen Kaiser proklamiert).<br \/>\nDamals wurde in allen deutschen L\u00e4ndern die \u00dcberwindung der Kleinstaaterei und die Schaffung eines einheitlichen<br \/>\ndeutschen Staates als Erf\u00fcllung eines nationalen Traumes betrachtet.<br \/>\nAusdruck dieses Traumes ist auch das Deutschlandlied, gedichtet 1841 von Hoffmann von Fallersleben auf der<br \/>\ndamals noch englischen Insel Helgoland.<\/p>\n<p>Dieser Vereinsname und das Motto sind seit 108 Jahren unsere Tradition!<br \/>\nAuch ein 12 j\u00e4hriger Mi\u00dfbrauch des deutschen Namens durch ein verbrecherisches Regime sollte daran nichts<br \/>\n\u00e4ndern.<br \/>\nNur geschichtlich uninformierte oder b\u00f6swillig denkende Menschen vermuten in diesem Namen anderes als unsere<br \/>\nGr\u00fcnderv\u00e4ter!<\/p>\n<p>Der Vorstand<\/p>\n","protected":false},"excerpt":{"rendered":"<p>Die Vorgeschichte des &#8222;Deutschen M\u00e4nnerchores Imhausen&#8220; von 1854 bis 1896 (nach Otto-Ernst L\u00f6ttgen) Der Lehrer und sehr engagierte Heimatforscher Otto-Ernst L\u00f6ttgen aus Oettershagen, bei Rosbach\/Sieg, befasste sich zwischen 1948 und 1968 bevorzugt mit der Erforschung der Geschichte des Liedes im Heimatraum an der Sieg. Er wertete Vereins- und Schulchroniken (auch aus Imhausen\/Hundhausen), statistische Darstellungen des [&hellip;]<\/p>\n","protected":false},"author":1,"featured_media":0,"parent":0,"menu_order":0,"comment_status":"closed","ping_status":"closed","template":"page-c.php","meta":{"ngg_post_thumbnail":0,"footnotes":""},"class_list":["post-29120","page","type-page","status-publish","hentry"],"_links":{"self":[{"href":"https:\/\/www.mgv-imhausen.de\/index.php?rest_route=\/wp\/v2\/pages\/29120","targetHints":{"allow":["GET"]}}],"collection":[{"href":"https:\/\/www.mgv-imhausen.de\/index.php?rest_route=\/wp\/v2\/pages"}],"about":[{"href":"https:\/\/www.mgv-imhausen.de\/index.php?rest_route=\/wp\/v2\/types\/page"}],"author":[{"embeddable":true,"href":"https:\/\/www.mgv-imhausen.de\/index.php?rest_route=\/wp\/v2\/users\/1"}],"replies":[{"embeddable":true,"href":"https:\/\/www.mgv-imhausen.de\/index.php?rest_route=%2Fwp%2Fv2%2Fcomments&post=29120"}],"version-history":[{"count":1,"href":"https:\/\/www.mgv-imhausen.de\/index.php?rest_route=\/wp\/v2\/pages\/29120\/revisions"}],"predecessor-version":[{"id":29121,"href":"https:\/\/www.mgv-imhausen.de\/index.php?rest_route=\/wp\/v2\/pages\/29120\/revisions\/29121"}],"wp:attachment":[{"href":"https:\/\/www.mgv-imhausen.de\/index.php?rest_route=%2Fwp%2Fv2%2Fmedia&parent=29120"}],"curies":[{"name":"wp","href":"https:\/\/api.w.org\/{rel}","templated":true}]}}